{"id":1115,"date":"2021-11-19T21:02:18","date_gmt":"2021-11-19T21:02:18","guid":{"rendered":"http:\/\/efl2021.local\/?page_id=1115"},"modified":"2021-12-01T16:10:53","modified_gmt":"2021-12-01T16:10:53","slug":"h-glosario","status":"publish","type":"page","link":"https:\/\/ccm-eleva.cl\/efl2021\/anexos\/h-glosario\/","title":{"rendered":"H. Glosario"},"content":{"rendered":"\t\t<div data-elementor-type=\"wp-page\" data-elementor-id=\"1115\" class=\"elementor elementor-1115\" data-elementor-settings=\"[]\">\n\t\t\t\t\t\t\t<div class=\"elementor-section-wrap\">\n\t\t\t\t\t\t\t<section class=\"elementor-section elementor-top-section elementor-element elementor-element-a8cfb30 elementor-section-full_width elementor-section-height-default elementor-section-height-default\" data-id=\"a8cfb30\" data-element_type=\"section\">\n\t\t\t\t\t\t<div class=\"elementor-container elementor-column-gap-default\">\n\t\t\t\t\t<div class=\"elementor-column elementor-col-100 elementor-top-column elementor-element elementor-element-b862bd4\" data-id=\"b862bd4\" data-element_type=\"column\">\n\t\t\t<div class=\"elementor-widget-wrap elementor-element-populated\">\n\t\t\t\t\t\t\t\t<div class=\"elementor-element elementor-element-571cc9c elementor--h-position-right elementor--v-position-middle elementor-arrows-position-inside elementor-pagination-position-inside elementor-widget elementor-widget-slides\" data-id=\"571cc9c\" data-element_type=\"widget\" data-settings=\"{&quot;navigation&quot;:&quot;both&quot;,&quot;autoplay&quot;:&quot;yes&quot;,&quot;pause_on_hover&quot;:&quot;yes&quot;,&quot;pause_on_interaction&quot;:&quot;yes&quot;,&quot;autoplay_speed&quot;:5000,&quot;infinite&quot;:&quot;yes&quot;,&quot;transition&quot;:&quot;slide&quot;,&quot;transition_speed&quot;:500}\" data-widget_type=\"slides.default\">\n\t\t\t\t<div class=\"elementor-widget-container\">\n\t\t\t\t\t<div class=\"elementor-swiper\">\n\t\t\t<div class=\"elementor-slides-wrapper elementor-main-swiper swiper-container\" dir=\"ltr\" data-animation=\"\">\n\t\t\t\t<div class=\"swiper-wrapper elementor-slides\">\n\t\t\t\t\t\t\t\t\t\t<div class=\"elementor-repeater-item-f04da12 swiper-slide\"><div class=\"swiper-slide-bg\"><\/div><div class=\"swiper-slide-inner\" ><div class=\"swiper-slide-contents\"><div class=\"elementor-slide-heading\">Anexos<\/div><\/div><\/div><\/div>\t\t\t\t<\/div>\n\t\t\t\t\t\t\t<\/div>\n\t\t<\/div>\n\t\t\t\t<\/div>\n\t\t\t\t<\/div>\n\t\t\t\t\t<\/div>\n\t\t<\/div>\n\t\t\t\t\t\t\t<\/div>\n\t\t<\/section>\n\t\t\t\t<section class=\"elementor-section elementor-top-section elementor-element elementor-element-d7c86a1 elementor-section-boxed elementor-section-height-default elementor-section-height-default\" data-id=\"d7c86a1\" data-element_type=\"section\" data-settings=\"{&quot;background_background&quot;:&quot;classic&quot;}\">\n\t\t\t\t\t\t<div class=\"elementor-container elementor-column-gap-default\">\n\t\t\t\t\t<div class=\"elementor-column elementor-col-100 elementor-top-column elementor-element elementor-element-f5d1566\" data-id=\"f5d1566\" data-element_type=\"column\">\n\t\t\t<div class=\"elementor-widget-wrap elementor-element-populated\">\n\t\t\t\t\t\t\t\t<div class=\"elementor-element elementor-element-a8c02d1 elementor-nav-menu__align-justify elementor-nav-menu--dropdown-none scroll elementor-widget elementor-widget-nav-menu\" data-id=\"a8c02d1\" data-element_type=\"widget\" data-settings=\"{&quot;layout&quot;:&quot;horizontal&quot;,&quot;submenu_icon&quot;:{&quot;value&quot;:&quot;&lt;i class=\\&quot;fas fa-caret-down\\&quot;&gt;&lt;\\\/i&gt;&quot;,&quot;library&quot;:&quot;fa-solid&quot;}}\" data-widget_type=\"nav-menu.default\">\n\t\t\t\t<div class=\"elementor-widget-container\">\n\t\t\t\t\t\t<nav migration_allowed=\"1\" migrated=\"0\" role=\"navigation\" class=\"elementor-nav-menu--main elementor-nav-menu__container elementor-nav-menu--layout-horizontal e--pointer-background e--animation-fade\">\n\t\t\t\t<ul id=\"menu-1-a8c02d1\" class=\"elementor-nav-menu\"><li class=\"menu-item menu-item-type-post_type menu-item-object-page menu-item-1138\"><a href=\"https:\/\/ccm-eleva.cl\/efl2021\/anexos\/a-empresas-entidades-de-formacion-y-colaboradores-en-el-estudio\/\" class=\"elementor-item\">A. Empresas, entidades de formaci\u00f3n<br> y colaboradores en el estudio<\/a><\/li>\n<li class=\"menu-item menu-item-type-post_type menu-item-object-page menu-item-1137\"><a href=\"https:\/\/ccm-eleva.cl\/efl2021\/anexos\/b-principales-caracteristicas-del-sistema-de-formacion\/\" class=\"elementor-item\">B. Principales caracter\u00edsticas del <br>sistema de formaci\u00f3n<\/a><\/li>\n<li class=\"menu-item menu-item-type-post_type menu-item-object-page menu-item-1136\"><a href=\"https:\/\/ccm-eleva.cl\/efl2021\/anexos\/c-metodologia-para-proyectar-la-oferta-formativa\/\" class=\"elementor-item\">C. Metodolog\u00eda para proyectar<br> la oferta formativa<\/a><\/li>\n<li class=\"menu-item menu-item-type-post_type menu-item-object-page menu-item-1135\"><a href=\"https:\/\/ccm-eleva.cl\/efl2021\/anexos\/d-cartera-de-proyectos-de-empresas-mineras\/\" class=\"elementor-item\">D. Cartera de proyectos de<br> empresas mineras<\/a><\/li>\n<li class=\"menu-item menu-item-type-post_type menu-item-object-page menu-item-1134\"><a href=\"https:\/\/ccm-eleva.cl\/efl2021\/anexos\/e-oferta-formativa-atraida-por-perfil-y-ano-en-la-gran-mineria\/\" class=\"elementor-item\">E. Oferta formativa atra\u00edda por perfil<br> y a\u00f1o en la Gran Miner\u00eda<\/a><\/li>\n<li class=\"menu-item menu-item-type-post_type menu-item-object-page menu-item-1133\"><a href=\"https:\/\/ccm-eleva.cl\/efl2021\/anexos\/f-demanda-por-perfil-y-ano-en-la-gran-mineria\/\" class=\"elementor-item\">F. Demanda por perfil y <br>a\u00f1o en la Gran Miner\u00eda<\/a><\/li>\n<li class=\"menu-item menu-item-type-post_type menu-item-object-page menu-item-1131\"><a href=\"https:\/\/ccm-eleva.cl\/efl2021\/anexos\/g-brecha-por-perfil-y-ano-en-la-gran-mineria\/\" class=\"elementor-item\">G. Brecha por perfil y <br>a\u00f1o en la Gran Miner\u00eda<\/a><\/li>\n<li class=\"menu-item menu-item-type-post_type menu-item-object-page menu-item-1132\"><a href=\"https:\/\/ccm-eleva.cl\/efl2021\/anexos\/h-glosario\/\" class=\"elementor-item\">H. Glosario<\/a><\/li>\n<\/ul>\t\t\t<\/nav>\n\t\t\t\t\t<div class=\"elementor-menu-toggle\" role=\"button\" tabindex=\"0\" aria-label=\"Menu Toggle\" aria-expanded=\"false\">\n\t\t\t<i aria-hidden=\"true\" role=\"presentation\" class=\"eicon-menu-bar\"><\/i>\t\t\t<span class=\"elementor-screen-only\">Menu<\/span>\n\t\t<\/div>\n\t\t\t<nav class=\"elementor-nav-menu--dropdown elementor-nav-menu__container\" role=\"navigation\" aria-hidden=\"true\">\n\t\t\t\t<ul id=\"menu-2-a8c02d1\" class=\"elementor-nav-menu\"><li class=\"menu-item menu-item-type-post_type menu-item-object-page menu-item-1138\"><a href=\"https:\/\/ccm-eleva.cl\/efl2021\/anexos\/a-empresas-entidades-de-formacion-y-colaboradores-en-el-estudio\/\" class=\"elementor-item\" tabindex=\"-1\">A. Empresas, entidades de formaci\u00f3n<br> y colaboradores en el estudio<\/a><\/li>\n<li class=\"menu-item menu-item-type-post_type menu-item-object-page menu-item-1137\"><a href=\"https:\/\/ccm-eleva.cl\/efl2021\/anexos\/b-principales-caracteristicas-del-sistema-de-formacion\/\" class=\"elementor-item\" tabindex=\"-1\">B. Principales caracter\u00edsticas del <br>sistema de formaci\u00f3n<\/a><\/li>\n<li class=\"menu-item menu-item-type-post_type menu-item-object-page menu-item-1136\"><a href=\"https:\/\/ccm-eleva.cl\/efl2021\/anexos\/c-metodologia-para-proyectar-la-oferta-formativa\/\" class=\"elementor-item\" tabindex=\"-1\">C. Metodolog\u00eda para proyectar<br> la oferta formativa<\/a><\/li>\n<li class=\"menu-item menu-item-type-post_type menu-item-object-page menu-item-1135\"><a href=\"https:\/\/ccm-eleva.cl\/efl2021\/anexos\/d-cartera-de-proyectos-de-empresas-mineras\/\" class=\"elementor-item\" tabindex=\"-1\">D. Cartera de proyectos de<br> empresas mineras<\/a><\/li>\n<li class=\"menu-item menu-item-type-post_type menu-item-object-page menu-item-1134\"><a href=\"https:\/\/ccm-eleva.cl\/efl2021\/anexos\/e-oferta-formativa-atraida-por-perfil-y-ano-en-la-gran-mineria\/\" class=\"elementor-item\" tabindex=\"-1\">E. Oferta formativa atra\u00edda por perfil<br> y a\u00f1o en la Gran Miner\u00eda<\/a><\/li>\n<li class=\"menu-item menu-item-type-post_type menu-item-object-page menu-item-1133\"><a href=\"https:\/\/ccm-eleva.cl\/efl2021\/anexos\/f-demanda-por-perfil-y-ano-en-la-gran-mineria\/\" class=\"elementor-item\" tabindex=\"-1\">F. Demanda por perfil y <br>a\u00f1o en la Gran Miner\u00eda<\/a><\/li>\n<li class=\"menu-item menu-item-type-post_type menu-item-object-page menu-item-1131\"><a href=\"https:\/\/ccm-eleva.cl\/efl2021\/anexos\/g-brecha-por-perfil-y-ano-en-la-gran-mineria\/\" class=\"elementor-item\" tabindex=\"-1\">G. Brecha por perfil y <br>a\u00f1o en la Gran Miner\u00eda<\/a><\/li>\n<li class=\"menu-item menu-item-type-post_type menu-item-object-page menu-item-1132\"><a href=\"https:\/\/ccm-eleva.cl\/efl2021\/anexos\/h-glosario\/\" class=\"elementor-item\" tabindex=\"-1\">H. Glosario<\/a><\/li>\n<\/ul>\t\t\t<\/nav>\n\t\t\t\t<\/div>\n\t\t\t\t<\/div>\n\t\t\t\t\t<\/div>\n\t\t<\/div>\n\t\t\t\t\t\t\t<\/div>\n\t\t<\/section>\n\t\t\t\t<section class=\"elementor-section elementor-top-section elementor-element elementor-element-b5c64b0 elementor-section-boxed elementor-section-height-default elementor-section-height-default\" data-id=\"b5c64b0\" data-element_type=\"section\">\n\t\t\t\t\t\t<div class=\"elementor-container elementor-column-gap-default\">\n\t\t\t\t\t<div class=\"elementor-column elementor-col-100 elementor-top-column elementor-element elementor-element-319c663\" data-id=\"319c663\" data-element_type=\"column\">\n\t\t\t<div class=\"elementor-widget-wrap elementor-element-populated\">\n\t\t\t\t\t\t\t\t<div class=\"elementor-element elementor-element-3984d79 elementor-widget elementor-widget-image\" data-id=\"3984d79\" data-element_type=\"widget\" data-widget_type=\"image.default\">\n\t\t\t\t<div class=\"elementor-widget-container\">\n\t\t\t\t\t\t\t\t\t\t\t\t\t\t\t\t<a href=\"https:\/\/ccm.cl\/efl2021\/wp-content\/uploads\/2021\/11\/Tabla105.jpg\" data-elementor-open-lightbox=\"yes\" data-elementor-lightbox-title=\"Tabla105\">\n\t\t\t\t\t\t\t<img loading=\"lazy\" decoding=\"async\" width=\"980\" height=\"953\" src=\"https:\/\/ccm-eleva.cl\/efl2021\/\/wp-content\/uploads\/2021\/11\/Tabla105.jpg\" class=\"attachment-full size-full\" alt=\"\" srcset=\"https:\/\/ccm-eleva.cl\/efl2021\/\/wp-content\/uploads\/2021\/11\/Tabla105.jpg 980w, https:\/\/ccm-eleva.cl\/efl2021\/\/wp-content\/uploads\/2021\/11\/Tabla105-300x292.jpg 300w, https:\/\/ccm-eleva.cl\/efl2021\/\/wp-content\/uploads\/2021\/11\/Tabla105-768x747.jpg 768w\" sizes=\"auto, (max-width: 980px) 100vw, 980px\" \/>\t\t\t\t\t\t\t\t<\/a>\n\t\t\t\t\t\t\t\t\t\t\t\t\t\t\t<\/div>\n\t\t\t\t<\/div>\n\t\t\t\t<div class=\"elementor-element elementor-element-9f8737a elementor-widget elementor-widget-image\" data-id=\"9f8737a\" data-element_type=\"widget\" data-widget_type=\"image.default\">\n\t\t\t\t<div class=\"elementor-widget-container\">\n\t\t\t\t\t\t\t\t\t\t\t\t\t\t\t\t<a href=\"https:\/\/ccm.cl\/efl2021\/wp-content\/uploads\/2021\/11\/Tabla106-107.jpg\" data-elementor-open-lightbox=\"yes\" data-elementor-lightbox-title=\"Tabla106-107\">\n\t\t\t\t\t\t\t<img loading=\"lazy\" decoding=\"async\" width=\"979\" height=\"2558\" src=\"https:\/\/ccm-eleva.cl\/efl2021\/\/wp-content\/uploads\/2021\/11\/Tabla106-107.jpg\" class=\"attachment-full size-full\" alt=\"\" srcset=\"https:\/\/ccm-eleva.cl\/efl2021\/\/wp-content\/uploads\/2021\/11\/Tabla106-107.jpg 979w, https:\/\/ccm-eleva.cl\/efl2021\/\/wp-content\/uploads\/2021\/11\/Tabla106-107-115x300.jpg 115w, https:\/\/ccm-eleva.cl\/efl2021\/\/wp-content\/uploads\/2021\/11\/Tabla106-107-392x1024.jpg 392w, https:\/\/ccm-eleva.cl\/efl2021\/\/wp-content\/uploads\/2021\/11\/Tabla106-107-768x2007.jpg 768w, https:\/\/ccm-eleva.cl\/efl2021\/\/wp-content\/uploads\/2021\/11\/Tabla106-107-588x1536.jpg 588w, https:\/\/ccm-eleva.cl\/efl2021\/\/wp-content\/uploads\/2021\/11\/Tabla106-107-784x2048.jpg 784w\" sizes=\"auto, (max-width: 979px) 100vw, 979px\" \/>\t\t\t\t\t\t\t\t<\/a>\n\t\t\t\t\t\t\t\t\t\t\t\t\t\t\t<\/div>\n\t\t\t\t<\/div>\n\t\t\t\t<div class=\"elementor-element elementor-element-4f6316e elementor-widget elementor-widget-image\" data-id=\"4f6316e\" data-element_type=\"widget\" data-widget_type=\"image.default\">\n\t\t\t\t<div class=\"elementor-widget-container\">\n\t\t\t\t\t\t\t\t\t\t\t\t\t\t\t\t<a href=\"https:\/\/ccm.cl\/efl2021\/wp-content\/uploads\/2021\/11\/Tabla108-109.jpg\" data-elementor-open-lightbox=\"yes\" data-elementor-lightbox-title=\"Tabla108-109\">\n\t\t\t\t\t\t\t<img loading=\"lazy\" decoding=\"async\" width=\"994\" height=\"2199\" src=\"https:\/\/ccm-eleva.cl\/efl2021\/\/wp-content\/uploads\/2021\/11\/Tabla108-109.jpg\" class=\"attachment-full size-full\" alt=\"\" srcset=\"https:\/\/ccm-eleva.cl\/efl2021\/\/wp-content\/uploads\/2021\/11\/Tabla108-109.jpg 994w, https:\/\/ccm-eleva.cl\/efl2021\/\/wp-content\/uploads\/2021\/11\/Tabla108-109-136x300.jpg 136w, https:\/\/ccm-eleva.cl\/efl2021\/\/wp-content\/uploads\/2021\/11\/Tabla108-109-463x1024.jpg 463w, https:\/\/ccm-eleva.cl\/efl2021\/\/wp-content\/uploads\/2021\/11\/Tabla108-109-768x1699.jpg 768w, https:\/\/ccm-eleva.cl\/efl2021\/\/wp-content\/uploads\/2021\/11\/Tabla108-109-694x1536.jpg 694w, https:\/\/ccm-eleva.cl\/efl2021\/\/wp-content\/uploads\/2021\/11\/Tabla108-109-926x2048.jpg 926w\" sizes=\"auto, (max-width: 994px) 100vw, 994px\" \/>\t\t\t\t\t\t\t\t<\/a>\n\t\t\t\t\t\t\t\t\t\t\t\t\t\t\t<\/div>\n\t\t\t\t<\/div>\n\t\t\t\t\t<\/div>\n\t\t<\/div>\n\t\t\t\t\t\t\t<\/div>\n\t\t<\/section>\n\t\t\t\t\t\t<\/div>\n\t\t\t\t\t<\/div>\n\t\t","protected":false},"excerpt":{"rendered":"<p>Anexos<\/p>\n","protected":false},"author":1,"featured_media":0,"parent":1101,"menu_order":0,"comment_status":"closed","ping_status":"closed","template":"","meta":{"om_disable_all_campaigns":false,"_mi_skip_tracking":false,"footnotes":""},"class_list":["post-1115","page","type-page","status-publish","hentry"],"aioseo_notices":[],"_links":{"self":[{"href":"https:\/\/ccm-eleva.cl\/efl2021\/wp-json\/wp\/v2\/pages\/1115","targetHints":{"allow":["GET"]}}],"collection":[{"href":"https:\/\/ccm-eleva.cl\/efl2021\/wp-json\/wp\/v2\/pages"}],"about":[{"href":"https:\/\/ccm-eleva.cl\/efl2021\/wp-json\/wp\/v2\/types\/page"}],"author":[{"embeddable":true,"href":"https:\/\/ccm-eleva.cl\/efl2021\/wp-json\/wp\/v2\/users\/1"}],"replies":[{"embeddable":true,"href":"https:\/\/ccm-eleva.cl\/efl2021\/wp-json\/wp\/v2\/comments?post=1115"}],"version-history":[{"count":38,"href":"https:\/\/ccm-eleva.cl\/efl2021\/wp-json\/wp\/v2\/pages\/1115\/revisions"}],"predecessor-version":[{"id":2029,"href":"https:\/\/ccm-eleva.cl\/efl2021\/wp-json\/wp\/v2\/pages\/1115\/revisions\/2029"}],"up":[{"embeddable":true,"href":"https:\/\/ccm-eleva.cl\/efl2021\/wp-json\/wp\/v2\/pages\/1101"}],"wp:attachment":[{"href":"https:\/\/ccm-eleva.cl\/efl2021\/wp-json\/wp\/v2\/media?parent=1115"}],"curies":[{"name":"wp","href":"https:\/\/api.w.org\/{rel}","templated":true}]}}