{"id":417,"date":"2021-11-17T19:26:13","date_gmt":"2021-11-17T19:26:13","guid":{"rendered":"http:\/\/efl2021.local\/?page_id=417"},"modified":"2021-12-07T17:53:09","modified_gmt":"2021-12-07T17:53:09","slug":"proyeccion-de-oferta-formativa-de-capital-humano-para-la-mineria","status":"publish","type":"page","link":"https:\/\/ccm-eleva.cl\/efl2021\/oferta-formativa\/proyeccion-de-oferta-formativa-de-capital-humano-para-la-mineria\/","title":{"rendered":"Proyecci\u00f3n de oferta formativa de capital humano para la miner\u00eda"},"content":{"rendered":"\t\t<div data-elementor-type=\"wp-page\" data-elementor-id=\"417\" class=\"elementor elementor-417\" data-elementor-settings=\"[]\">\n\t\t\t\t\t\t\t<div class=\"elementor-section-wrap\">\n\t\t\t\t\t\t\t<section class=\"elementor-section elementor-top-section elementor-element elementor-element-27fe968 elementor-section-full_width elementor-section-height-default elementor-section-height-default\" data-id=\"27fe968\" data-element_type=\"section\">\n\t\t\t\t\t\t<div class=\"elementor-container elementor-column-gap-default\">\n\t\t\t\t\t<div class=\"elementor-column elementor-col-100 elementor-top-column elementor-element elementor-element-642f3d1\" data-id=\"642f3d1\" data-element_type=\"column\">\n\t\t\t<div class=\"elementor-widget-wrap elementor-element-populated\">\n\t\t\t\t\t\t\t\t<div class=\"elementor-element elementor-element-00fd83c elementor--h-position-right elementor--v-position-middle elementor-arrows-position-inside elementor-pagination-position-inside elementor-widget elementor-widget-slides\" data-id=\"00fd83c\" data-element_type=\"widget\" data-settings=\"{&quot;navigation&quot;:&quot;both&quot;,&quot;autoplay&quot;:&quot;yes&quot;,&quot;pause_on_hover&quot;:&quot;yes&quot;,&quot;pause_on_interaction&quot;:&quot;yes&quot;,&quot;autoplay_speed&quot;:5000,&quot;infinite&quot;:&quot;yes&quot;,&quot;transition&quot;:&quot;slide&quot;,&quot;transition_speed&quot;:500}\" data-widget_type=\"slides.default\">\n\t\t\t\t<div class=\"elementor-widget-container\">\n\t\t\t\t\t<div class=\"elementor-swiper\">\n\t\t\t<div class=\"elementor-slides-wrapper elementor-main-swiper swiper-container\" dir=\"ltr\" data-animation=\"\">\n\t\t\t\t<div class=\"swiper-wrapper elementor-slides\">\n\t\t\t\t\t\t\t\t\t\t<div class=\"elementor-repeater-item-f04da12 swiper-slide\"><div class=\"swiper-slide-bg\"><\/div><div class=\"swiper-slide-inner\" ><div class=\"swiper-slide-contents\"><div class=\"elementor-slide-heading\">Oferta formativa de Capital Humano<\/div><\/div><\/div><\/div>\t\t\t\t<\/div>\n\t\t\t\t\t\t\t<\/div>\n\t\t<\/div>\n\t\t\t\t<\/div>\n\t\t\t\t<\/div>\n\t\t\t\t\t<\/div>\n\t\t<\/div>\n\t\t\t\t\t\t\t<\/div>\n\t\t<\/section>\n\t\t\t\t<section class=\"elementor-section elementor-top-section elementor-element elementor-element-0722178 elementor-section-boxed elementor-section-height-default elementor-section-height-default\" data-id=\"0722178\" data-element_type=\"section\" data-settings=\"{&quot;background_background&quot;:&quot;classic&quot;}\">\n\t\t\t\t\t\t<div class=\"elementor-container elementor-column-gap-default\">\n\t\t\t\t\t<div class=\"elementor-column elementor-col-100 elementor-top-column elementor-element elementor-element-f2294a8\" data-id=\"f2294a8\" data-element_type=\"column\">\n\t\t\t<div class=\"elementor-widget-wrap elementor-element-populated\">\n\t\t\t\t\t\t\t\t<div class=\"elementor-element elementor-element-87e868e elementor-nav-menu__align-justify elementor-nav-menu--dropdown-none scroll elementor-widget elementor-widget-nav-menu\" data-id=\"87e868e\" data-element_type=\"widget\" data-settings=\"{&quot;layout&quot;:&quot;horizontal&quot;,&quot;submenu_icon&quot;:{&quot;value&quot;:&quot;&lt;i class=\\&quot;fas fa-caret-down\\&quot;&gt;&lt;\\\/i&gt;&quot;,&quot;library&quot;:&quot;fa-solid&quot;}}\" data-widget_type=\"nav-menu.default\">\n\t\t\t\t<div class=\"elementor-widget-container\">\n\t\t\t\t\t\t<nav migration_allowed=\"1\" migrated=\"0\" role=\"navigation\" class=\"elementor-nav-menu--main elementor-nav-menu__container elementor-nav-menu--layout-horizontal e--pointer-background e--animation-fade\">\n\t\t\t\t<ul id=\"menu-1-87e868e\" class=\"elementor-nav-menu\"><li class=\"menu-item menu-item-type-post_type menu-item-object-page menu-item-426\"><a href=\"https:\/\/ccm-eleva.cl\/efl2021\/oferta-formativa\/caracterizacion-de-la-oferta-formativa\/\" class=\"elementor-item\">Caracterizaci\u00f3n de la <br>oferta formativa<\/a><\/li>\n<li class=\"menu-item menu-item-type-post_type menu-item-object-page menu-item-425\"><a href=\"https:\/\/ccm-eleva.cl\/efl2021\/oferta-formativa\/proyeccion-de-oferta-formativa-de-capital-humano-para-la-mineria\/\" class=\"elementor-item\">Proyecci\u00f3n de oferta formativa de <br>capital humano para la miner\u00eda<\/a><\/li>\n<li class=\"menu-item menu-item-type-post_type menu-item-object-page menu-item-424\"><a href=\"https:\/\/ccm-eleva.cl\/efl2021\/oferta-formativa\/analisis-de-oferta-formativa-por-campo-de-especialidad\/\" class=\"elementor-item\">An\u00e1lisis de oferta formativa<br> por campo de especialidad<sup>5<\/sup><\/a><\/li>\n<li class=\"menu-item menu-item-type-post_type menu-item-object-page menu-item-2201\"><a href=\"https:\/\/ccm-eleva.cl\/efl2021\/oferta-formativa\/principales-resultados-oferta-formativa\/\" class=\"elementor-item\">Principales<br> resultados<\/a><\/li>\n<\/ul>\t\t\t<\/nav>\n\t\t\t\t\t<div class=\"elementor-menu-toggle\" role=\"button\" tabindex=\"0\" aria-label=\"Menu Toggle\" aria-expanded=\"false\">\n\t\t\t<i aria-hidden=\"true\" role=\"presentation\" class=\"eicon-menu-bar\"><\/i>\t\t\t<span class=\"elementor-screen-only\">Menu<\/span>\n\t\t<\/div>\n\t\t\t<nav class=\"elementor-nav-menu--dropdown elementor-nav-menu__container\" role=\"navigation\" aria-hidden=\"true\">\n\t\t\t\t<ul id=\"menu-2-87e868e\" class=\"elementor-nav-menu\"><li class=\"menu-item menu-item-type-post_type menu-item-object-page menu-item-426\"><a href=\"https:\/\/ccm-eleva.cl\/efl2021\/oferta-formativa\/caracterizacion-de-la-oferta-formativa\/\" class=\"elementor-item\" tabindex=\"-1\">Caracterizaci\u00f3n de la <br>oferta formativa<\/a><\/li>\n<li class=\"menu-item menu-item-type-post_type menu-item-object-page menu-item-425\"><a href=\"https:\/\/ccm-eleva.cl\/efl2021\/oferta-formativa\/proyeccion-de-oferta-formativa-de-capital-humano-para-la-mineria\/\" class=\"elementor-item\" tabindex=\"-1\">Proyecci\u00f3n de oferta formativa de <br>capital humano para la miner\u00eda<\/a><\/li>\n<li class=\"menu-item menu-item-type-post_type menu-item-object-page menu-item-424\"><a href=\"https:\/\/ccm-eleva.cl\/efl2021\/oferta-formativa\/analisis-de-oferta-formativa-por-campo-de-especialidad\/\" class=\"elementor-item\" tabindex=\"-1\">An\u00e1lisis de oferta formativa<br> por campo de especialidad<sup>5<\/sup><\/a><\/li>\n<li class=\"menu-item menu-item-type-post_type menu-item-object-page menu-item-2201\"><a href=\"https:\/\/ccm-eleva.cl\/efl2021\/oferta-formativa\/principales-resultados-oferta-formativa\/\" class=\"elementor-item\" tabindex=\"-1\">Principales<br> resultados<\/a><\/li>\n<\/ul>\t\t\t<\/nav>\n\t\t\t\t<\/div>\n\t\t\t\t<\/div>\n\t\t\t\t\t<\/div>\n\t\t<\/div>\n\t\t\t\t\t\t\t<\/div>\n\t\t<\/section>\n\t\t\t\t<section class=\"elementor-section elementor-top-section elementor-element elementor-element-3980b0b elementor-section-boxed elementor-section-height-default elementor-section-height-default\" data-id=\"3980b0b\" data-element_type=\"section\">\n\t\t\t\t\t\t<div class=\"elementor-container elementor-column-gap-default\">\n\t\t\t\t\t<div class=\"elementor-column elementor-col-100 elementor-top-column elementor-element elementor-element-3ec6b09\" data-id=\"3ec6b09\" data-element_type=\"column\">\n\t\t\t<div class=\"elementor-widget-wrap elementor-element-populated\">\n\t\t\t\t\t\t\t\t<div class=\"elementor-element elementor-element-a0ef654 elementor-widget elementor-widget-text-editor\" data-id=\"a0ef654\" data-element_type=\"widget\" data-widget_type=\"text-editor.default\">\n\t\t\t\t<div class=\"elementor-widget-container\">\n\t\t\t\t\t\t\t<p>EVOLUCI\u00d3N DE LOS EGRESOS DE LOS PROGRAMAS MINEROS SEG\u00daN CAMPO DE ESPECIALIDAD<br \/>(Base 2011=100)<\/p>\t\t\t\t\t\t<\/div>\n\t\t\t\t<\/div>\n\t\t\t\t<div class=\"elementor-element elementor-element-0cb62f2 elementor-widget elementor-widget-image\" data-id=\"0cb62f2\" data-element_type=\"widget\" data-widget_type=\"image.default\">\n\t\t\t\t<div class=\"elementor-widget-container\">\n\t\t\t\t\t\t\t\t\t\t\t\t\t\t\t<img loading=\"lazy\" decoding=\"async\" width=\"696\" height=\"257\" src=\"https:\/\/ccm-eleva.cl\/efl2021\/\/wp-content\/uploads\/2021\/11\/c7.png\" class=\"attachment-full size-full\" alt=\"\" srcset=\"https:\/\/ccm-eleva.cl\/efl2021\/\/wp-content\/uploads\/2021\/11\/c7.png 696w, https:\/\/ccm-eleva.cl\/efl2021\/\/wp-content\/uploads\/2021\/11\/c7-300x111.png 300w\" sizes=\"auto, (max-width: 696px) 100vw, 696px\" \/>\t\t\t\t\t\t\t\t\t\t\t\t\t\t\t<\/div>\n\t\t\t\t<\/div>\n\t\t\t\t<div class=\"elementor-element elementor-element-47575bd elementor-widget elementor-widget-text-editor\" data-id=\"47575bd\" data-element_type=\"widget\" data-widget_type=\"text-editor.default\">\n\t\t\t\t<div class=\"elementor-widget-container\">\n\t\t\t\t\t\t\t<p>Fuente: base de datos INDICES Educaci\u00f3n Superior, Consejo Nacional de Educaci\u00f3n (abril 2021).<\/p>\t\t\t\t\t\t<\/div>\n\t\t\t\t<\/div>\n\t\t\t\t<div class=\"elementor-element elementor-element-193e0ca elementor-widget elementor-widget-text-editor\" data-id=\"193e0ca\" data-element_type=\"widget\" data-widget_type=\"text-editor.default\">\n\t\t\t\t<div class=\"elementor-widget-container\">\n\t\t\t\t\t\t\t<p>Si se toma como base de comparaci\u00f3n los\u00a0<span style=\"color: var( --e-global-color-text ); font-family: var( --e-global-typography-text-font-family ), Sans-serif; font-weight: var( --e-global-typography-text-font-weight ); font-size: 1rem;\">egresos estimados a partir de 2011 y proyectados\u00a0<\/span><span style=\"color: var( --e-global-color-text ); font-family: var( --e-global-typography-text-font-family ), Sans-serif; font-weight: var( --e-global-typography-text-font-weight ); font-size: 1rem;\">a 2030, se proyecta que el mayor crecimiento\u00a0<\/span><span style=\"color: var( --e-global-color-text ); font-family: var( --e-global-typography-text-font-family ), Sans-serif; font-weight: var( --e-global-typography-text-font-weight ); font-size: 1rem;\">de la oferta se concentre en los programas\u00a0<\/span><span style=\"color: var( --e-global-color-text ); font-family: var( --e-global-typography-text-font-family ), Sans-serif; font-weight: var( --e-global-typography-text-font-weight ); font-size: 1rem;\">relacionados con la Geolog\u00eda (5,9%), seguidos\u00a0<\/span><span style=\"color: var( --e-global-color-text ); font-family: var( --e-global-typography-text-font-family ), Sans-serif; font-weight: var( --e-global-typography-text-font-weight ); font-size: 1rem;\">por los de Procesamiento (4,7%), Extracci\u00f3n\u00a0<\/span><span style=\"color: var( --e-global-color-text ); font-family: var( --e-global-typography-text-font-family ), Sans-serif; font-weight: var( --e-global-typography-text-font-weight ); font-size: 1rem;\">(4,3%) y finalmente Mantenimiento (2,7%), cuya\u00a0<\/span><span style=\"color: var( --e-global-color-text ); font-family: var( --e-global-typography-text-font-family ), Sans-serif; font-weight: var( --e-global-typography-text-font-weight ); font-size: 1rem;\">tendencia es m\u00e1s constante que el resto.<\/span><\/p><p>El mayor crecimiento de egresados de los\u00a0<span style=\"color: var( --e-global-color-text ); font-family: var( --e-global-typography-text-font-family ), Sans-serif; font-weight: var( --e-global-typography-text-font-weight ); font-size: 1rem;\">programas relacionados con la Geolog\u00eda se\u00a0<\/span><span style=\"color: var( --e-global-color-text ); font-family: var( --e-global-typography-text-font-family ), Sans-serif; font-weight: var( --e-global-typography-text-font-weight ); font-size: 1rem;\">producir\u00eda el a\u00f1o 2021 (casi 10% m\u00e1s que en\u00a0<\/span><span style=\"color: var( --e-global-color-text ); font-family: var( --e-global-typography-text-font-family ), Sans-serif; font-weight: var( --e-global-typography-text-font-weight ); font-size: 1rem;\">2011), para luego bajar en casi cuatro puntos\u00a0<\/span><span style=\"color: var( --e-global-color-text ); font-family: var( --e-global-typography-text-font-family ), Sans-serif; font-weight: var( --e-global-typography-text-font-weight ); font-size: 1rem;\">hacia final de la d\u00e9cada.<\/span><\/p><p>Para los programas de Procesamiento, en tanto,\u00a0<span style=\"color: var( --e-global-color-text ); font-family: var( --e-global-typography-text-font-family ), Sans-serif; font-weight: var( --e-global-typography-text-font-weight ); font-size: 1rem;\">el crecimiento de egresados muestra un peak\u00a0<\/span><span style=\"color: var( --e-global-color-text ); font-family: var( --e-global-typography-text-font-family ), Sans-serif; font-weight: var( --e-global-typography-text-font-weight ); font-size: 1rem;\">entre 2019 y 2021, pero comparado con 2011, no\u00a0<\/span><span style=\"color: var( --e-global-color-text ); font-family: var( --e-global-typography-text-font-family ), Sans-serif; font-weight: var( --e-global-typography-text-font-weight ); font-size: 1rem;\">supera el 5% en ninguno de los a\u00f1os estudiados.<\/span><\/p><p>Finalmente, de los cuatro campos de especialidad,\u00a0<span style=\"color: var( --e-global-color-text ); font-family: var( --e-global-typography-text-font-family ), Sans-serif; font-weight: var( --e-global-typography-text-font-weight ); font-size: 1rem;\">los programas de Mantenimiento tendr\u00e1n el\u00a0<\/span><span style=\"color: var( --e-global-color-text ); font-family: var( --e-global-typography-text-font-family ), Sans-serif; font-weight: var( --e-global-typography-text-font-weight ); font-size: 1rem;\">menor crecimiento, con menos del 3% en relaci\u00f3n\u00a0<\/span><span style=\"color: var( --e-global-color-text ); font-family: var( --e-global-typography-text-font-family ), Sans-serif; font-weight: var( --e-global-typography-text-font-weight ); font-size: 1rem;\">a 2011.<\/span><\/p><p>Es necesario se\u00f1alar que el modelo utilizado\u00a0<span style=\"color: var( --e-global-color-text ); font-family: var( --e-global-typography-text-font-family ), Sans-serif; font-weight: var( --e-global-typography-text-font-weight ); font-size: 1rem;\">para estimar la oferta de egresados, no refleja los\u00a0<\/span><span style=\"color: var( --e-global-color-text ); font-family: var( --e-global-typography-text-font-family ), Sans-serif; font-weight: var( --e-global-typography-text-font-weight ); font-size: 1rem;\">efectos que pueda tener la pandemia causada\u00a0<\/span><span style=\"color: var( --e-global-color-text ); font-family: var( --e-global-typography-text-font-family ), Sans-serif; font-weight: var( --e-global-typography-text-font-weight ); font-size: 1rem;\">por el COVID-19 en el n\u00famero de egresos.<\/span><\/p>\t\t\t\t\t\t<\/div>\n\t\t\t\t<\/div>\n\t\t\t\t<div class=\"elementor-element elementor-element-8cb1f3a elementor-widget elementor-widget-image\" data-id=\"8cb1f3a\" data-element_type=\"widget\" data-widget_type=\"image.default\">\n\t\t\t\t<div class=\"elementor-widget-container\">\n\t\t\t\t\t\t\t\t\t\t\t\t\t\t\t<img loading=\"lazy\" decoding=\"async\" width=\"1200\" height=\"513\" src=\"https:\/\/ccm-eleva.cl\/efl2021\/\/wp-content\/uploads\/2021\/11\/Pa\u2560ug.-44.-Lundin-Mining-e1637271004342.jpg\" class=\"attachment-full size-full\" alt=\"\" srcset=\"https:\/\/ccm-eleva.cl\/efl2021\/\/wp-content\/uploads\/2021\/11\/Pa\u2560ug.-44.-Lundin-Mining-e1637271004342.jpg 1200w, https:\/\/ccm-eleva.cl\/efl2021\/\/wp-content\/uploads\/2021\/11\/Pa\u2560ug.-44.-Lundin-Mining-e1637271004342-300x128.jpg 300w, https:\/\/ccm-eleva.cl\/efl2021\/\/wp-content\/uploads\/2021\/11\/Pa\u2560ug.-44.-Lundin-Mining-e1637271004342-1024x438.jpg 1024w, https:\/\/ccm-eleva.cl\/efl2021\/\/wp-content\/uploads\/2021\/11\/Pa\u2560ug.-44.-Lundin-Mining-e1637271004342-768x328.jpg 768w\" sizes=\"auto, (max-width: 1200px) 100vw, 1200px\" \/>\t\t\t\t\t\t\t\t\t\t\t\t\t\t\t<\/div>\n\t\t\t\t<\/div>\n\t\t\t\t\t<\/div>\n\t\t<\/div>\n\t\t\t\t\t\t\t<\/div>\n\t\t<\/section>\n\t\t\t\t<section class=\"elementor-section elementor-top-section elementor-element elementor-element-fad2910 elementor-section-boxed elementor-section-height-default elementor-section-height-default\" data-id=\"fad2910\" data-element_type=\"section\">\n\t\t\t\t\t\t<div class=\"elementor-container elementor-column-gap-default\">\n\t\t\t\t\t<div class=\"elementor-column elementor-col-100 elementor-top-column elementor-element elementor-element-516118c\" data-id=\"516118c\" data-element_type=\"column\">\n\t\t\t<div class=\"elementor-widget-wrap elementor-element-populated\">\n\t\t\t\t\t\t\t\t<div class=\"elementor-element elementor-element-f9692ca elementor-widget elementor-widget-heading\" data-id=\"f9692ca\" data-element_type=\"widget\" data-widget_type=\"heading.default\">\n\t\t\t\t<div class=\"elementor-widget-container\">\n\t\t\t<h2 class=\"elementor-heading-title elementor-size-default\">PROYECCI\u00d3N DE OFERTA DE EGRESADOS AL 2030, POR PERFIL<\/h2>\t\t<\/div>\n\t\t\t\t<\/div>\n\t\t\t\t<div class=\"elementor-element elementor-element-5029f1f elementor-widget elementor-widget-image\" data-id=\"5029f1f\" data-element_type=\"widget\" data-widget_type=\"image.default\">\n\t\t\t\t<div class=\"elementor-widget-container\">\n\t\t\t\t\t\t\t\t\t\t\t\t\t\t\t<img loading=\"lazy\" decoding=\"async\" width=\"667\" height=\"538\" src=\"https:\/\/ccm-eleva.cl\/efl2021\/\/wp-content\/uploads\/2021\/11\/O12.png\" class=\"attachment-full size-full\" alt=\"\" srcset=\"https:\/\/ccm-eleva.cl\/efl2021\/\/wp-content\/uploads\/2021\/11\/O12.png 667w, https:\/\/ccm-eleva.cl\/efl2021\/\/wp-content\/uploads\/2021\/11\/O12-300x242.png 300w\" sizes=\"auto, (max-width: 667px) 100vw, 667px\" \/>\t\t\t\t\t\t\t\t\t\t\t\t\t\t\t<\/div>\n\t\t\t\t<\/div>\n\t\t\t\t<div class=\"elementor-element elementor-element-f63feeb elementor-widget elementor-widget-text-editor\" data-id=\"f63feeb\" data-element_type=\"widget\" data-widget_type=\"text-editor.default\">\n\t\t\t\t<div class=\"elementor-widget-container\">\n\t\t\t\t\t\t\t<p>Fuente: base de datos INDICES Educaci\u00f3n Superior, Consejo Nacional de Educaci\u00f3n (abril 2021).<\/p>\t\t\t\t\t\t<\/div>\n\t\t\t\t<\/div>\n\t\t\t\t\t<\/div>\n\t\t<\/div>\n\t\t\t\t\t\t\t<\/div>\n\t\t<\/section>\n\t\t\t\t<section class=\"elementor-section elementor-top-section elementor-element elementor-element-157af64 elementor-section-boxed elementor-section-height-default elementor-section-height-default\" data-id=\"157af64\" data-element_type=\"section\">\n\t\t\t\t\t\t<div class=\"elementor-container elementor-column-gap-default\">\n\t\t\t\t\t<div class=\"elementor-column elementor-col-100 elementor-top-column elementor-element elementor-element-c983541\" data-id=\"c983541\" data-element_type=\"column\" data-settings=\"{&quot;background_background&quot;:&quot;classic&quot;}\">\n\t\t\t<div class=\"elementor-widget-wrap elementor-element-populated\">\n\t\t\t\t\t\t\t\t<div class=\"elementor-element elementor-element-7994e14 elementor-widget elementor-widget-text-editor\" data-id=\"7994e14\" data-element_type=\"widget\" data-widget_type=\"text-editor.default\">\n\t\t\t\t<div class=\"elementor-widget-container\">\n\t\t\t\t\t\t\t<p>Se proyecta que entre los a\u00f1os 2021 y 2030 la oferta formativa de capital humano para el sector minero ser\u00e1 de 20.595 personas.<\/p>\t\t\t\t\t\t<\/div>\n\t\t\t\t<\/div>\n\t\t\t\t\t<\/div>\n\t\t<\/div>\n\t\t\t\t\t\t\t<\/div>\n\t\t<\/section>\n\t\t\t\t<section class=\"elementor-section elementor-top-section elementor-element elementor-element-b9dfba8 elementor-section-boxed elementor-section-height-default elementor-section-height-default\" data-id=\"b9dfba8\" data-element_type=\"section\">\n\t\t\t\t\t\t<div class=\"elementor-container elementor-column-gap-default\">\n\t\t\t\t\t<div class=\"elementor-column elementor-col-100 elementor-top-column elementor-element elementor-element-cff2d96\" data-id=\"cff2d96\" data-element_type=\"column\">\n\t\t\t<div class=\"elementor-widget-wrap elementor-element-populated\">\n\t\t\t\t\t\t\t\t<div class=\"elementor-element elementor-element-1e200f7 elementor-widget elementor-widget-text-editor\" data-id=\"1e200f7\" data-element_type=\"widget\" data-widget_type=\"text-editor.default\">\n\t\t\t\t<div class=\"elementor-widget-container\">\n\t\t\t\t\t\t\t<p>De ellos, la mayor\u00eda se concentra en los procesos de\u00a0<span style=\"color: var( --e-global-color-text ); font-family: var( --e-global-typography-text-font-family ), Sans-serif; font-weight: var( --e-global-typography-text-font-weight ); font-size: 1rem;\">Extracci\u00f3n, con 6.000 egresados entre Profesionales,\u00a0<\/span><span style=\"color: var( --e-global-color-text ); font-family: var( --e-global-typography-text-font-family ), Sans-serif; font-weight: var( --e-global-typography-text-font-weight ); font-size: 1rem;\">Supervisores e Ingenieros especialistas, y cerca de 4.900\u00a0<\/span><span style=\"color: var( --e-global-color-text ); font-family: var( --e-global-typography-text-font-family ), Sans-serif; font-weight: var( --e-global-typography-text-font-weight ); font-size: 1rem;\">personas en perfiles relacionados con la Geolog\u00eda (otras\u00a0<\/span><span style=\"color: var( --e-global-color-text ); font-family: var( --e-global-typography-text-font-family ), Sans-serif; font-weight: var( --e-global-typography-text-font-weight ); font-size: 1rem;\">ocupaciones del \u00e1mbito de la Geolog\u00eda y Ge\u00f3logo).<\/span><\/p><p>En Procesamiento, en tanto, para los\u00a0<span style=\"color: var( --e-global-color-text ); font-family: var( --e-global-typography-text-font-family ), Sans-serif; font-weight: var( --e-global-typography-text-font-weight ); font-size: 1rem;\">pr\u00f3ximos diez a\u00f1os se proyectan 4.100\u00a0<\/span><span style=\"color: var( --e-global-color-text ); font-family: var( --e-global-typography-text-font-family ), Sans-serif; font-weight: var( --e-global-typography-text-font-weight ); font-size: 1rem;\">egresos de perfiles de Profesional,\u00a0<\/span><span style=\"color: var( --e-global-color-text ); font-family: var( --e-global-typography-text-font-family ), Sans-serif; font-weight: var( --e-global-typography-text-font-weight ); font-size: 1rem;\">Supervisor e Ingeniero.<\/span><\/p><p>Para los perfiles relacionados con el\u00a0<span style=\"color: var( --e-global-color-text ); font-family: var( --e-global-typography-text-font-family ), Sans-serif; font-weight: var( --e-global-typography-text-font-weight ); font-size: 1rem;\">Mantenimiento el\u00e9ctrico y mec\u00e1nico\u00a0<\/span><span style=\"color: var( --e-global-color-text ); font-family: var( --e-global-typography-text-font-family ), Sans-serif; font-weight: var( --e-global-typography-text-font-weight ); font-size: 1rem;\">(ingenieros, profesionales, supervisores\u00a0<\/span><span style=\"color: var( --e-global-color-text ); font-family: var( --e-global-typography-text-font-family ), Sans-serif; font-weight: var( --e-global-typography-text-font-weight ); font-size: 1rem;\">y mantenedores), se espera que egresen\u00a0<\/span><span style=\"color: var( --e-global-color-text ); font-family: var( --e-global-typography-text-font-family ), Sans-serif; font-weight: var( --e-global-typography-text-font-weight ); font-size: 1rem;\">cerca de 4.090 personas en diez a\u00f1os, pero\u00a0<\/span><span style=\"color: var( --e-global-color-text ); font-family: var( --e-global-typography-text-font-family ), Sans-serif; font-weight: var( --e-global-typography-text-font-weight ); font-size: 1rem;\">que tambi\u00e9n son altamente demandados\u00a0<\/span><span style=\"color: var( --e-global-color-text ); font-family: var( --e-global-typography-text-font-family ), Sans-serif; font-weight: var( --e-global-typography-text-font-weight ); font-size: 1rem;\">por otras industrias, como por ejemplo la\u00a0<\/span><span style=\"color: var( --e-global-color-text ); font-family: var( --e-global-typography-text-font-family ), Sans-serif; font-weight: var( --e-global-typography-text-font-weight ); font-size: 1rem;\">manufacturera.<\/span><\/p>\t\t\t\t\t\t<\/div>\n\t\t\t\t<\/div>\n\t\t\t\t\t<\/div>\n\t\t<\/div>\n\t\t\t\t\t\t\t<\/div>\n\t\t<\/section>\n\t\t\t\t\t\t<\/div>\n\t\t\t\t\t<\/div>\n\t\t","protected":false},"excerpt":{"rendered":"<p>Oferta formativa de Capital Humano EVOLUCI\u00d3N DE LOS EGRESOS DE LOS PROGRAMAS MINEROS SEG\u00daN CAMPO DE ESPECIALIDAD(Base 2011=100) Fuente: base de datos INDICES Educaci\u00f3n Superior, Consejo Nacional de Educaci\u00f3n (abril 2021). Si se toma como base de comparaci\u00f3n los\u00a0egresos estimados a partir de 2011 y proyectados\u00a0a 2030, se proyecta que el mayor crecimiento\u00a0de la oferta [&hellip;]<\/p>\n","protected":false},"author":1,"featured_media":0,"parent":413,"menu_order":0,"comment_status":"closed","ping_status":"closed","template":"","meta":{"om_disable_all_campaigns":false,"_mi_skip_tracking":false,"footnotes":""},"class_list":["post-417","page","type-page","status-publish","hentry"],"aioseo_notices":[],"_links":{"self":[{"href":"https:\/\/ccm-eleva.cl\/efl2021\/wp-json\/wp\/v2\/pages\/417","targetHints":{"allow":["GET"]}}],"collection":[{"href":"https:\/\/ccm-eleva.cl\/efl2021\/wp-json\/wp\/v2\/pages"}],"about":[{"href":"https:\/\/ccm-eleva.cl\/efl2021\/wp-json\/wp\/v2\/types\/page"}],"author":[{"embeddable":true,"href":"https:\/\/ccm-eleva.cl\/efl2021\/wp-json\/wp\/v2\/users\/1"}],"replies":[{"embeddable":true,"href":"https:\/\/ccm-eleva.cl\/efl2021\/wp-json\/wp\/v2\/comments?post=417"}],"version-history":[{"count":25,"href":"https:\/\/ccm-eleva.cl\/efl2021\/wp-json\/wp\/v2\/pages\/417\/revisions"}],"predecessor-version":[{"id":2300,"href":"https:\/\/ccm-eleva.cl\/efl2021\/wp-json\/wp\/v2\/pages\/417\/revisions\/2300"}],"up":[{"embeddable":true,"href":"https:\/\/ccm-eleva.cl\/efl2021\/wp-json\/wp\/v2\/pages\/413"}],"wp:attachment":[{"href":"https:\/\/ccm-eleva.cl\/efl2021\/wp-json\/wp\/v2\/media?parent=417"}],"curies":[{"name":"wp","href":"https:\/\/api.w.org\/{rel}","templated":true}]}}