{"id":480,"date":"2021-11-17T22:16:41","date_gmt":"2021-11-17T22:16:41","guid":{"rendered":"http:\/\/efl2021.local\/?page_id=480"},"modified":"2021-12-07T20:03:45","modified_gmt":"2021-12-07T20:03:45","slug":"alianza-ccm-eleva","status":"publish","type":"page","link":"https:\/\/ccm-eleva.cl\/efl2021\/presentacion\/alianza-ccm-eleva\/","title":{"rendered":"Alianza CCM &#8211; ELEVA"},"content":{"rendered":"\t\t<div data-elementor-type=\"wp-page\" data-elementor-id=\"480\" class=\"elementor elementor-480\" data-elementor-settings=\"[]\">\n\t\t\t\t\t\t\t<div class=\"elementor-section-wrap\">\n\t\t\t\t\t\t\t<section class=\"elementor-section elementor-top-section elementor-element elementor-element-00c0666 elementor-section-full_width elementor-section-height-default elementor-section-height-default\" data-id=\"00c0666\" data-element_type=\"section\">\n\t\t\t\t\t\t<div class=\"elementor-container elementor-column-gap-default\">\n\t\t\t\t\t<div class=\"elementor-column elementor-col-100 elementor-top-column elementor-element elementor-element-20c86a2\" data-id=\"20c86a2\" data-element_type=\"column\">\n\t\t\t<div class=\"elementor-widget-wrap elementor-element-populated\">\n\t\t\t\t\t\t\t\t<div class=\"elementor-element elementor-element-c0357bc elementor--h-position-right elementor--v-position-middle elementor-arrows-position-inside elementor-pagination-position-inside elementor-widget elementor-widget-slides\" data-id=\"c0357bc\" data-element_type=\"widget\" data-settings=\"{&quot;navigation&quot;:&quot;both&quot;,&quot;autoplay&quot;:&quot;yes&quot;,&quot;pause_on_hover&quot;:&quot;yes&quot;,&quot;pause_on_interaction&quot;:&quot;yes&quot;,&quot;autoplay_speed&quot;:5000,&quot;infinite&quot;:&quot;yes&quot;,&quot;transition&quot;:&quot;slide&quot;,&quot;transition_speed&quot;:500}\" data-widget_type=\"slides.default\">\n\t\t\t\t<div class=\"elementor-widget-container\">\n\t\t\t\t\t<div class=\"elementor-swiper\">\n\t\t\t<div class=\"elementor-slides-wrapper elementor-main-swiper swiper-container\" dir=\"ltr\" data-animation=\"\">\n\t\t\t\t<div class=\"swiper-wrapper elementor-slides\">\n\t\t\t\t\t\t\t\t\t\t<div class=\"elementor-repeater-item-f04da12 swiper-slide\"><div class=\"swiper-slide-bg\"><\/div><div class=\"swiper-slide-inner\" ><div class=\"swiper-slide-contents\"><div class=\"elementor-slide-heading\">ALIANZA CCM \u2013 ELEVA 2020-2021\u200b<\/div><\/div><\/div><\/div>\t\t\t\t<\/div>\n\t\t\t\t\t\t\t<\/div>\n\t\t<\/div>\n\t\t\t\t<\/div>\n\t\t\t\t<\/div>\n\t\t\t\t\t<\/div>\n\t\t<\/div>\n\t\t\t\t\t\t\t<\/div>\n\t\t<\/section>\n\t\t\t\t<section class=\"elementor-section elementor-top-section elementor-element elementor-element-f522f3c elementor-section-boxed elementor-section-height-default elementor-section-height-default\" data-id=\"f522f3c\" data-element_type=\"section\" data-settings=\"{&quot;background_background&quot;:&quot;classic&quot;}\">\n\t\t\t\t\t\t<div class=\"elementor-container elementor-column-gap-default\">\n\t\t\t\t\t<div class=\"elementor-column elementor-col-100 elementor-top-column elementor-element elementor-element-e95303f\" data-id=\"e95303f\" data-element_type=\"column\">\n\t\t\t<div class=\"elementor-widget-wrap elementor-element-populated\">\n\t\t\t\t\t\t\t\t<div class=\"elementor-element elementor-element-573b549 elementor-nav-menu__align-justify elementor-nav-menu--dropdown-none scroll elementor-widget elementor-widget-nav-menu\" data-id=\"573b549\" data-element_type=\"widget\" data-settings=\"{&quot;layout&quot;:&quot;horizontal&quot;,&quot;submenu_icon&quot;:{&quot;value&quot;:&quot;&lt;i class=\\&quot;fas fa-caret-down\\&quot;&gt;&lt;\\\/i&gt;&quot;,&quot;library&quot;:&quot;fa-solid&quot;}}\" data-widget_type=\"nav-menu.default\">\n\t\t\t\t<div class=\"elementor-widget-container\">\n\t\t\t\t\t\t<nav migration_allowed=\"1\" migrated=\"0\" role=\"navigation\" class=\"elementor-nav-menu--main elementor-nav-menu__container elementor-nav-menu--layout-horizontal e--pointer-background e--animation-fade\">\n\t\t\t\t<ul id=\"menu-1-573b549\" class=\"elementor-nav-menu\"><li class=\"menu-item menu-item-type-post_type menu-item-object-page menu-item-493\"><a href=\"https:\/\/ccm-eleva.cl\/efl2021\/presentacion\/presentacion-del-estudio\/\" class=\"elementor-item\">Presentaci\u00f3n del estudio<\/a><\/li>\n<li class=\"menu-item menu-item-type-post_type menu-item-object-page menu-item-492\"><a href=\"https:\/\/ccm-eleva.cl\/efl2021\/presentacion\/alianza-ccm-eleva\/\" class=\"elementor-item\">Alianza CCM &#8211; ELEVA<\/a><\/li>\n<li class=\"menu-item menu-item-type-post_type menu-item-object-page menu-item-389\"><a href=\"https:\/\/ccm-eleva.cl\/efl2021\/presentacion\/resumen-ejecutivo\/\" class=\"elementor-item\">Resumen ejecutivo<\/a><\/li>\n<li class=\"menu-item menu-item-type-post_type menu-item-object-page menu-item-491\"><a href=\"https:\/\/ccm-eleva.cl\/efl2021\/presentacion\/introduccion\/\" class=\"elementor-item\">Introducci\u00f3n<\/a><\/li>\n<li class=\"menu-item menu-item-type-post_type menu-item-object-page menu-item-1432\"><a href=\"https:\/\/ccm-eleva.cl\/efl2021\/metodologia-titulo-no-usar\/metodologia\/\" class=\"elementor-item\">Metodolog\u00eda<\/a><\/li>\n<\/ul>\t\t\t<\/nav>\n\t\t\t\t\t<div class=\"elementor-menu-toggle\" role=\"button\" tabindex=\"0\" aria-label=\"Menu Toggle\" aria-expanded=\"false\">\n\t\t\t<i aria-hidden=\"true\" role=\"presentation\" class=\"eicon-menu-bar\"><\/i>\t\t\t<span class=\"elementor-screen-only\">Menu<\/span>\n\t\t<\/div>\n\t\t\t<nav class=\"elementor-nav-menu--dropdown elementor-nav-menu__container\" role=\"navigation\" aria-hidden=\"true\">\n\t\t\t\t<ul id=\"menu-2-573b549\" class=\"elementor-nav-menu\"><li class=\"menu-item menu-item-type-post_type menu-item-object-page menu-item-493\"><a href=\"https:\/\/ccm-eleva.cl\/efl2021\/presentacion\/presentacion-del-estudio\/\" class=\"elementor-item\" tabindex=\"-1\">Presentaci\u00f3n del estudio<\/a><\/li>\n<li class=\"menu-item menu-item-type-post_type menu-item-object-page menu-item-492\"><a href=\"https:\/\/ccm-eleva.cl\/efl2021\/presentacion\/alianza-ccm-eleva\/\" class=\"elementor-item\" tabindex=\"-1\">Alianza CCM &#8211; ELEVA<\/a><\/li>\n<li class=\"menu-item menu-item-type-post_type menu-item-object-page menu-item-389\"><a href=\"https:\/\/ccm-eleva.cl\/efl2021\/presentacion\/resumen-ejecutivo\/\" class=\"elementor-item\" tabindex=\"-1\">Resumen ejecutivo<\/a><\/li>\n<li class=\"menu-item menu-item-type-post_type menu-item-object-page menu-item-491\"><a href=\"https:\/\/ccm-eleva.cl\/efl2021\/presentacion\/introduccion\/\" class=\"elementor-item\" tabindex=\"-1\">Introducci\u00f3n<\/a><\/li>\n<li class=\"menu-item menu-item-type-post_type menu-item-object-page menu-item-1432\"><a href=\"https:\/\/ccm-eleva.cl\/efl2021\/metodologia-titulo-no-usar\/metodologia\/\" class=\"elementor-item\" tabindex=\"-1\">Metodolog\u00eda<\/a><\/li>\n<\/ul>\t\t\t<\/nav>\n\t\t\t\t<\/div>\n\t\t\t\t<\/div>\n\t\t\t\t\t<\/div>\n\t\t<\/div>\n\t\t\t\t\t\t\t<\/div>\n\t\t<\/section>\n\t\t\t\t<section class=\"elementor-section elementor-top-section elementor-element elementor-element-9315e47 elementor-section-boxed elementor-section-height-default elementor-section-height-default\" data-id=\"9315e47\" data-element_type=\"section\">\n\t\t\t\t\t\t<div class=\"elementor-container elementor-column-gap-default\">\n\t\t\t\t\t<div class=\"elementor-column elementor-col-50 elementor-top-column elementor-element elementor-element-1a9e712\" data-id=\"1a9e712\" data-element_type=\"column\">\n\t\t\t<div class=\"elementor-widget-wrap elementor-element-populated\">\n\t\t\t\t\t\t\t\t<div class=\"elementor-element elementor-element-d58c72a elementor-widget elementor-widget-text-editor\" data-id=\"d58c72a\" data-element_type=\"widget\" data-widget_type=\"text-editor.default\">\n\t\t\t\t<div class=\"elementor-widget-container\">\n\t\t\t\t\t\t\t<p>El a\u00f1o 2020, el Consejo de Competencias Mineras (CCM) inici\u00f3 su cuarto ciclo bienal y tambi\u00e9n una nueva etapa, a partir de la fusi\u00f3n con el programa Eleva, que tiene como prop\u00f3sito dinamizar y orientar trayectorias formativo-laborales exitosas en estudiantes y trabajadores, vinculadas a las demandas laborales de la industria minera y a las necesidades de reactivaci\u00f3n econ\u00f3mica de las regiones y del pa\u00eds.&nbsp;<\/p>\n<p>La alianza CCM-Eleva, que busca adecuar la formaci\u00f3n de t\u00e9cnicos y profesionales a la demanda laboral del sector, acord\u00f3 un plan de acci\u00f3n con tres focos estrat\u00e9gicos: Despliegue territorial, que permita ampliar la cobertura regional de la iniciativa; Vinculaci\u00f3n formativo-laboral, para potenciar la interacci\u00f3n y el v\u00ednculo entre empresas socias e instituciones de formaci\u00f3n de sus zonas de influencia; y Mejoramiento de la calidad de la oferta de formaci\u00f3n TP, con el fin de acelerar el cierre de brechas en instituciones de formaci\u00f3n.&nbsp;<\/p>\n<p>Entre los proyectos realizados en este per\u00edodo, destacan la elaboraci\u00f3n y publicaci\u00f3n de dos estudios en tem\u00e1ticas transversales y de inter\u00e9s para la industria (Mujer y Miner\u00eda y Empleo Local), a partir de datos disponibles en las distintas series del EFLM (2012-2019). En el \u00e1mbito de Est\u00e1ndares Formativos Laborales, se aumentaron los planes formativos para nuevos est\u00e1ndares del Marco de Cualificaciones T\u00e9cnico Profesional (MCTP) de la miner\u00eda. Para su desarrollo, fue fundamental la participaci\u00f3n de especialistas de operaciones mineras, como tambi\u00e9n representantes del mundo de la formaci\u00f3n TP. Asimismo, se entregaron planes formativos para las Competencias Transversales para la Industria Minera 4.0.&nbsp;<\/p>\n<p>Junto con reforzar la calidad y pertinencia de la formaci\u00f3n, el CCM-Eleva lider\u00f3 la actualizaci\u00f3n de 13 perfiles ocupacionales vinculados a los procesos de extracci\u00f3n rajo abierto, y ampli\u00f3 la vigencia de otros 150 perfiles del sector de miner\u00eda. Como resultado de la actualizaci\u00f3n de los perfiles, se incorpor\u00f3 por primera vez el lenguaje inclusivo&nbsp;en la redacci\u00f3n de los est\u00e1ndares del MCTP de la miner\u00eda, con foco en igualdad de g\u00e9nero.<\/p>\t\t\t\t\t\t<\/div>\n\t\t\t\t<\/div>\n\t\t\t\t\t<\/div>\n\t\t<\/div>\n\t\t\t\t<div class=\"elementor-column elementor-col-50 elementor-top-column elementor-element elementor-element-c24b1a2\" data-id=\"c24b1a2\" data-element_type=\"column\">\n\t\t\t<div class=\"elementor-widget-wrap elementor-element-populated\">\n\t\t\t\t\t\t\t\t<div class=\"elementor-element elementor-element-1d86539 elementor-widget elementor-widget-text-editor\" data-id=\"1d86539\" data-element_type=\"widget\" data-widget_type=\"text-editor.default\">\n\t\t\t\t<div class=\"elementor-widget-container\">\n\t\t\t\t\t\t\t<p><span style=\"color: var( --e-global-color-text ); font-family: var( --e-global-typography-text-font-family ), Sans-serif; font-size: 1rem; font-weight: var( --e-global-typography-text-font-weight );\">Iniciativas como esta son parte de los compromisos asumidos por el CCM-Eleva de seguir impulsando la participaci\u00f3n de mujeres en la industria, a trav\u00e9s de su presencia activa en la Mesa Nacional de Mujer y Miner\u00eda. Aqu\u00ed el CCM-Eleva ha participado de los grupos de trabajo sobre posiciones masculinizadas; ha levantado informaci\u00f3n de indicadores de g\u00e9nero, y ha coordinado acciones para acercar la industria a estudiantes y dar a conocer las oportunidades que existen en el sector.<\/span><br><\/p>\n<p>Con el objetivo de asegurar el ajuste y la calidad de la oferta, el Sello de Calidad CCM ha continuado reconociendo a instituciones de formaci\u00f3n que han adecuado sus programas a los requerimientos de la industria minera. Un hito importante fue la elaboraci\u00f3n de una nueva versi\u00f3n del Marco de Buenas Pr\u00e1cticas para la Formaci\u00f3n en Miner\u00eda, que incluy\u00f3 programas de formaci\u00f3n y cursos de capacitaci\u00f3n en modalidad presencial, semipresencial y online, y en la incorporaci\u00f3n del modelo de competencias conductuales.<\/p>\n<p>Ya son 63 programas de formaci\u00f3n los que poseen el Sello de Calidad CCM, en todas las especialidades y regiones mineras del pa\u00eds, incluyendo por primera vez cursos cortos y programas en modalidad e-learning, garantizando que existen personas con la formaci\u00f3n adecuada para los requerimientos actuales y del futuro en la miner\u00eda.&nbsp;<\/p>\n<p>Finalmente, es importante destacar que la alianza CCM-Eleva mantendr\u00e1 su compromiso de posicionarse como una iniciativa emblem\u00e1tica y l\u00edder en la formaci\u00f3n de capital humano, impulsando una formaci\u00f3n pertinente y oportunidades de empleo de calidad para el talento t\u00e9cnico profesional del pa\u00eds, como resultado de un trabajo conjunto entre las empresas y las instituciones de formaci\u00f3n<\/p>\t\t\t\t\t\t<\/div>\n\t\t\t\t<\/div>\n\t\t\t\t\t<\/div>\n\t\t<\/div>\n\t\t\t\t\t\t\t<\/div>\n\t\t<\/section>\n\t\t\t\t\t\t<\/div>\n\t\t\t\t\t<\/div>\n\t\t","protected":false},"excerpt":{"rendered":"<p>ALIANZA CCM \u2013 ELEVA 2020-2021\u200b El a\u00f1o 2020, el Consejo de Competencias Mineras (CCM) inici\u00f3 su cuarto ciclo bienal y tambi\u00e9n una nueva etapa, a partir de la fusi\u00f3n con el programa Eleva, que tiene como prop\u00f3sito dinamizar y orientar trayectorias formativo-laborales exitosas en estudiantes y trabajadores, vinculadas a las demandas laborales de la industria [&hellip;]<\/p>\n","protected":false},"author":1,"featured_media":0,"parent":478,"menu_order":0,"comment_status":"closed","ping_status":"closed","template":"","meta":{"om_disable_all_campaigns":false,"_mi_skip_tracking":false,"footnotes":""},"class_list":["post-480","page","type-page","status-publish","hentry"],"aioseo_notices":[],"_links":{"self":[{"href":"https:\/\/ccm-eleva.cl\/efl2021\/wp-json\/wp\/v2\/pages\/480","targetHints":{"allow":["GET"]}}],"collection":[{"href":"https:\/\/ccm-eleva.cl\/efl2021\/wp-json\/wp\/v2\/pages"}],"about":[{"href":"https:\/\/ccm-eleva.cl\/efl2021\/wp-json\/wp\/v2\/types\/page"}],"author":[{"embeddable":true,"href":"https:\/\/ccm-eleva.cl\/efl2021\/wp-json\/wp\/v2\/users\/1"}],"replies":[{"embeddable":true,"href":"https:\/\/ccm-eleva.cl\/efl2021\/wp-json\/wp\/v2\/comments?post=480"}],"version-history":[{"count":55,"href":"https:\/\/ccm-eleva.cl\/efl2021\/wp-json\/wp\/v2\/pages\/480\/revisions"}],"predecessor-version":[{"id":2341,"href":"https:\/\/ccm-eleva.cl\/efl2021\/wp-json\/wp\/v2\/pages\/480\/revisions\/2341"}],"up":[{"embeddable":true,"href":"https:\/\/ccm-eleva.cl\/efl2021\/wp-json\/wp\/v2\/pages\/478"}],"wp:attachment":[{"href":"https:\/\/ccm-eleva.cl\/efl2021\/wp-json\/wp\/v2\/media?parent=480"}],"curies":[{"name":"wp","href":"https:\/\/api.w.org\/{rel}","templated":true}]}}